{"id":6123,"date":"2024-08-22T10:51:28","date_gmt":"2024-08-22T10:51:28","guid":{"rendered":"https:\/\/robwolkers.com\/tracer-skymount\/"},"modified":"2025-01-04T14:02:04","modified_gmt":"2025-01-04T14:02:04","slug":"tracer-skymount","status":"publish","type":"page","link":"https:\/\/robwolkers.com\/nl\/projecten\/tracer-skymount\/","title":{"rendered":"Tracer Skymount"},"content":{"rendered":"\t\t<div data-elementor-type=\"wp-page\" data-elementor-id=\"6123\" class=\"elementor elementor-6123 elementor-4888\" data-elementor-post-type=\"page\">\n\t\t\t\t<div class=\"elementor-element elementor-element-369af111 e-flex e-con-boxed e-con e-parent\" data-id=\"369af111\" data-element_type=\"container\">\n\t\t\t\t\t<div class=\"e-con-inner\">\n\t\t\t\t<div class=\"elementor-element elementor-element-49bb24bc elementor-widget elementor-widget-heading\" data-id=\"49bb24bc\" data-element_type=\"widget\" data-widget_type=\"heading.default\">\n\t\t\t\t<div class=\"elementor-widget-container\">\n\t\t\t\t\t<h2 class=\"elementor-heading-title elementor-size-default\">Tracer Skymount<\/h2>\t\t\t\t<\/div>\n\t\t\t\t<\/div>\n\t\t\t\t<div class=\"elementor-element elementor-element-2f1f812c elementor-widget elementor-widget-text-editor\" data-id=\"2f1f812c\" data-element_type=\"widget\" data-widget_type=\"text-editor.default\">\n\t\t\t\t<div class=\"elementor-widget-container\">\n\t\t\t\t\t\t\t\t\t<p>Overzie het grotere plaatje<\/p>\n\t\t\t\t\t\t\t\t<\/div>\n\t\t\t\t<\/div>\n\t\t\t\t<div class=\"elementor-element elementor-element-0cfe538 elementor-view-default elementor-widget elementor-widget-icon\" data-id=\"0cfe538\" data-element_type=\"widget\" data-widget_type=\"icon.default\">\n\t\t\t\t<div class=\"elementor-widget-container\">\n\t\t\t\t\t\t\t<div class=\"elementor-icon-wrapper\">\n\t\t\t<div class=\"elementor-icon\">\n\t\t\t<svg aria-hidden=\"true\" class=\"e-font-icon-svg e-fas-angle-double-down\" viewBox=\"0 0 320 512\" xmlns=\"http:\/\/www.w3.org\/2000\/svg\"><path d=\"M143 256.3L7 120.3c-9.4-9.4-9.4-24.6 0-33.9l22.6-22.6c9.4-9.4 24.6-9.4 33.9 0l96.4 96.4 96.4-96.4c9.4-9.4 24.6-9.4 33.9 0L313 86.3c9.4 9.4 9.4 24.6 0 33.9l-136 136c-9.4 9.5-24.6 9.5-34 .1zm34 192l136-136c9.4-9.4 9.4-24.6 0-33.9l-22.6-22.6c-9.4-9.4-24.6-9.4-33.9 0L160 352.1l-96.4-96.4c-9.4-9.4-24.6-9.4-33.9 0L7 278.3c-9.4 9.4-9.4 24.6 0 33.9l136 136c9.4 9.5 24.6 9.5 34 .1z\"><\/path><\/svg>\t\t\t<\/div>\n\t\t<\/div>\n\t\t\t\t\t\t<\/div>\n\t\t\t\t<\/div>\n\t\t\t\t\t<\/div>\n\t\t\t\t<\/div>\n\t\t<div class=\"elementor-element elementor-element-c2412c2 e-con-full bar-slanted e-flex e-con e-parent\" data-id=\"c2412c2\" data-element_type=\"container\" data-settings=\"{&quot;background_background&quot;:&quot;classic&quot;}\">\n\t\t\t\t<\/div>\n\t\t<div class=\"elementor-element elementor-element-7fdf5d39 e-con-full e-flex e-con e-parent\" data-id=\"7fdf5d39\" data-element_type=\"container\">\n\t\t<div class=\"elementor-element elementor-element-3ebe1018 e-con-full e-flex e-con e-child\" data-id=\"3ebe1018\" data-element_type=\"container\">\n\t\t\t\t<div class=\"elementor-element elementor-element-e2192a9 elementor-widget elementor-widget-text-editor\" data-id=\"e2192a9\" data-element_type=\"widget\" data-widget_type=\"text-editor.default\">\n\t\t\t\t<div class=\"elementor-widget-container\">\n\t\t\t\t\t\t\t\t\t<p>Drones zijn inmiddels breed beschikbaar, toegankelijk, goedkoop, en vaak ideaal om actiesport video\u2019s vanuit vogelvlucht mee te schieten. Het inzetten van een drone bij 30 knopen wind of meer boven open zee brengt echter risico&#8217;s met zich mee en vereist een drone-operator die bereid is om beelden van je te maken vanaf het strand in oncomfortabele weersomstandigheden.  <\/p>\n<p>Maar wat vliegt er dan wel goed met actioncam in stormachtige kitesurf omstandigheden?<\/p>\n<p>Het bedrijf Tracer Mounts had een idee, schitterend in eenvoud: eenzelfde kite. Als je daar een camera aan weet te monteren die naar voren gericht is, terwijl de kite zelf buiten beeld blijft, kan je hem perfect gebruiken om stabiele en professionele beelden mee te schieten. Achtervolg je watersportvrienden met je vlieger om prachtige luchtvideo&#8217;s en -foto&#8217;s van ze te maken, terwijl je zelf actief deelneemt aan de actie.  <\/p>\n\t\t\t\t\t\t\t\t<\/div>\n\t\t\t\t<\/div>\n\t\t\t\t<div class=\"elementor-element elementor-element-2339e214 elementor-widget elementor-widget-heading\" data-id=\"2339e214\" data-element_type=\"widget\" data-widget_type=\"heading.default\">\n\t\t\t\t<div class=\"elementor-widget-container\">\n\t\t\t\t\t<h2 class=\"elementor-heading-title elementor-size-default\">Prototype tot serieproductie<\/h2>\t\t\t\t<\/div>\n\t\t\t\t<\/div>\n\t\t\t\t<div class=\"elementor-element elementor-element-37959685 elementor-widget elementor-widget-text-editor\" data-id=\"37959685\" data-element_type=\"widget\" data-widget_type=\"text-editor.default\">\n\t\t\t\t<div class=\"elementor-widget-container\">\n\t\t\t\t\t\t\t\t\t<p>Tracer had van doe-het-zelf materialen een werkend prototype gemaakt, en kwam langs met de vraag om dit principe door te ontwikkelen naar een spuitgiet serieproduct. Ze wilden ook een extra universeel bevestigingspunt voor een &#8216;selfie-modus&#8217;, zodat je jezelf optioneel kunt filmen vanuit vogelperspectief, waardoor een multifunctionele mount ontstaat.  <\/p>\n<p><span lang=\"EN-US\">Dankzij de slimme ori\u00ebntatie van de verstevigingsribben wordt de SkyMount in \u00e9\u00e9n geheel gevormd in een enkelvoudige matrijs met slechts 2 schuiven. Hierdoor zijn de matrijs investeringen relatief laag en worden montagekosten vermeden, wat de totale aanloopkosten van het project laag heeft gehouden. Als materiaal werd gekozen voor een hoogwaardige UV-gestabiliseerde PC\/ABS,  <\/span> een m<span lang=\"EN-US\">ateriaal dat tegen een stootje kan. Het logo in reli\u00ebf en de contrasterende textuur zorgen voor een afwerking van dezelfde hoge kwaliteit.  <\/span><\/p>\n\t\t\t\t\t\t\t\t<\/div>\n\t\t\t\t<\/div>\n\t\t\t\t<div class=\"elementor-element elementor-element-149535a2 elementor-widget elementor-widget-heading\" data-id=\"149535a2\" data-element_type=\"widget\" data-widget_type=\"heading.default\">\n\t\t\t\t<div class=\"elementor-widget-container\">\n\t\t\t\t\t<h2 class=\"elementor-heading-title elementor-size-default\">Watersport multitalent<\/h2>\t\t\t\t<\/div>\n\t\t\t\t<\/div>\n\t\t\t\t<div class=\"elementor-element elementor-element-2d04f0f3 elementor-widget elementor-widget-text-editor\" data-id=\"2d04f0f3\" data-element_type=\"widget\" data-widget_type=\"text-editor.default\">\n\t\t\t\t<div class=\"elementor-widget-container\">\n\t\t\t\t\t\t\t\t\t<p>Met drie montagepunten en de optie om optioneel meerdere camera&#8217;s tegelijkertijd te gebruiken, is er altijd een mogelijkheid om alle actie vast te leggen vanuit jouw gewenste POV.<\/p><p>De SkyMount past stevig om de leading edge van elke kite dankzij het AnyKite systeem. Deze verstelbare EPDM padding zorgt niet alleen voor een stabiele en zachte montage, maar beschermt zowel de vlieger als de SkyMount in geval van impact op het water of het strand.<\/p><p>En als bonus blijkt het een multisport talent te zijn: met de opkomst van wingsurfen hebben we de SkyMount op een wing getest, met de Wing Edition package als resultaat. De Tracer SkyMount, krijg het grote beeld!<\/p><p><a href=\"https:\/\/www.tracermounts.com\" target=\"_blank\" rel=\"noopener\">www.tracermounts.com<\/a><\/p>\t\t\t\t\t\t\t\t<\/div>\n\t\t\t\t<\/div>\n\t\t\t\t<\/div>\n\t\t<div class=\"elementor-element elementor-element-4411ccea e-con-full e-flex e-con e-child\" data-id=\"4411ccea\" data-element_type=\"container\">\n\t\t\t\t<div class=\"elementor-element elementor-element-a51fe4b elementor-widget__width-initial elementor-widget-mobile__width-inherit elementor-widget elementor-widget-gallery\" data-id=\"a51fe4b\" data-element_type=\"widget\" data-settings=\"{&quot;columns&quot;:2,&quot;gap_mobile&quot;:{&quot;unit&quot;:&quot;px&quot;,&quot;size&quot;:32,&quot;sizes&quot;:[]},&quot;gallery_layout&quot;:&quot;grid&quot;,&quot;columns_tablet&quot;:2,&quot;columns_mobile&quot;:1,&quot;gap&quot;:{&quot;unit&quot;:&quot;px&quot;,&quot;size&quot;:10,&quot;sizes&quot;:[]},&quot;gap_tablet&quot;:{&quot;unit&quot;:&quot;px&quot;,&quot;size&quot;:10,&quot;sizes&quot;:[]},&quot;link_to&quot;:&quot;file&quot;,&quot;aspect_ratio&quot;:&quot;3:2&quot;,&quot;overlay_background&quot;:&quot;yes&quot;}\" data-widget_type=\"gallery.default\">\n\t\t\t\t<div class=\"elementor-widget-container\">\n\t\t\t\t\t\t\t<div class=\"elementor-gallery__container\">\n\t\t\t\t\t\t\t<a class=\"e-gallery-item elementor-gallery-item\" href=\"https:\/\/robwolkers.com\/wp-content\/uploads\/2024\/08\/project-tracer-skymount-8-1.jpg\" data-elementor-open-lightbox=\"yes\" data-elementor-lightbox-slideshow=\"a51fe4b\" data-e-action-hash=\"#elementor-action%3Aaction%3Dlightbox%26settings%3DeyJpZCI6MzQzMywidXJsIjoiaHR0cHM6XC9cL3JvYndvbGtlcnMuY29tXC93cC1jb250ZW50XC91cGxvYWRzXC8yMDI0XC8wOFwvcHJvamVjdC10cmFjZXItc2t5bW91bnQtOC0xLmpwZyIsInNsaWRlc2hvdyI6ImE1MWZlNGIifQ%3D%3D\">\n\t\t\t\t\t<div class=\"e-gallery-image elementor-gallery-item__image\" data-thumbnail=\"https:\/\/robwolkers.com\/wp-content\/uploads\/2024\/08\/project-tracer-skymount-8-1.jpg\" data-width=\"1920\" data-height=\"1280\" aria-label=\"\" role=\"img\" ><\/div>\n\t\t\t\t\t\t\t\t\t\t\t<div class=\"elementor-gallery-item__overlay\"><\/div>\n\t\t\t\t\t\t\t\t\t\t\t\t\t\t<\/a>\n\t\t\t\t\t\t\t<a class=\"e-gallery-item elementor-gallery-item\" href=\"https:\/\/robwolkers.com\/wp-content\/uploads\/2024\/08\/project-tracer-skymount-7-1.jpg\" data-elementor-open-lightbox=\"yes\" data-elementor-lightbox-slideshow=\"a51fe4b\" data-e-action-hash=\"#elementor-action%3Aaction%3Dlightbox%26settings%3DeyJpZCI6MzQzNSwidXJsIjoiaHR0cHM6XC9cL3JvYndvbGtlcnMuY29tXC93cC1jb250ZW50XC91cGxvYWRzXC8yMDI0XC8wOFwvcHJvamVjdC10cmFjZXItc2t5bW91bnQtNy0xLmpwZyIsInNsaWRlc2hvdyI6ImE1MWZlNGIifQ%3D%3D\">\n\t\t\t\t\t<div class=\"e-gallery-image elementor-gallery-item__image\" data-thumbnail=\"https:\/\/robwolkers.com\/wp-content\/uploads\/2024\/08\/project-tracer-skymount-7-1.jpg\" data-width=\"1920\" data-height=\"1280\" aria-label=\"\" role=\"img\" ><\/div>\n\t\t\t\t\t\t\t\t\t\t\t<div class=\"elementor-gallery-item__overlay\"><\/div>\n\t\t\t\t\t\t\t\t\t\t\t\t\t\t<\/a>\n\t\t\t\t\t\t\t<a class=\"e-gallery-item elementor-gallery-item\" href=\"https:\/\/robwolkers.com\/wp-content\/uploads\/2024\/08\/project-tracer-skymount-6-1.jpg\" data-elementor-open-lightbox=\"yes\" data-elementor-lightbox-slideshow=\"a51fe4b\" data-e-action-hash=\"#elementor-action%3Aaction%3Dlightbox%26settings%3DeyJpZCI6MzQzNywidXJsIjoiaHR0cHM6XC9cL3JvYndvbGtlcnMuY29tXC93cC1jb250ZW50XC91cGxvYWRzXC8yMDI0XC8wOFwvcHJvamVjdC10cmFjZXItc2t5bW91bnQtNi0xLmpwZyIsInNsaWRlc2hvdyI6ImE1MWZlNGIifQ%3D%3D\">\n\t\t\t\t\t<div class=\"e-gallery-image elementor-gallery-item__image\" data-thumbnail=\"https:\/\/robwolkers.com\/wp-content\/uploads\/2024\/08\/project-tracer-skymount-6-1.jpg\" data-width=\"1920\" data-height=\"1280\" aria-label=\"\" role=\"img\" ><\/div>\n\t\t\t\t\t\t\t\t\t\t\t<div class=\"elementor-gallery-item__overlay\"><\/div>\n\t\t\t\t\t\t\t\t\t\t\t\t\t\t<\/a>\n\t\t\t\t\t\t\t<a class=\"e-gallery-item elementor-gallery-item\" href=\"https:\/\/robwolkers.com\/wp-content\/uploads\/2024\/08\/project-tracer-skymount-10-1.jpg\" data-elementor-open-lightbox=\"yes\" data-elementor-lightbox-slideshow=\"a51fe4b\" data-e-action-hash=\"#elementor-action%3Aaction%3Dlightbox%26settings%3DeyJpZCI6MzQzOSwidXJsIjoiaHR0cHM6XC9cL3JvYndvbGtlcnMuY29tXC93cC1jb250ZW50XC91cGxvYWRzXC8yMDI0XC8wOFwvcHJvamVjdC10cmFjZXItc2t5bW91bnQtMTAtMS5qcGciLCJzbGlkZXNob3ciOiJhNTFmZTRiIn0%3D\">\n\t\t\t\t\t<div class=\"e-gallery-image elementor-gallery-item__image\" data-thumbnail=\"https:\/\/robwolkers.com\/wp-content\/uploads\/2024\/08\/project-tracer-skymount-10-1.jpg\" data-width=\"1920\" data-height=\"1280\" aria-label=\"\" role=\"img\" ><\/div>\n\t\t\t\t\t\t\t\t\t\t\t<div class=\"elementor-gallery-item__overlay\"><\/div>\n\t\t\t\t\t\t\t\t\t\t\t\t\t\t<\/a>\n\t\t\t\t\t\t\t<a class=\"e-gallery-item elementor-gallery-item\" href=\"https:\/\/robwolkers.com\/wp-content\/uploads\/2024\/08\/project-tracer-skymount-9-1.jpg\" data-elementor-open-lightbox=\"yes\" data-elementor-lightbox-slideshow=\"a51fe4b\" data-e-action-hash=\"#elementor-action%3Aaction%3Dlightbox%26settings%3DeyJpZCI6MzQ0MSwidXJsIjoiaHR0cHM6XC9cL3JvYndvbGtlcnMuY29tXC93cC1jb250ZW50XC91cGxvYWRzXC8yMDI0XC8wOFwvcHJvamVjdC10cmFjZXItc2t5bW91bnQtOS0xLmpwZyIsInNsaWRlc2hvdyI6ImE1MWZlNGIifQ%3D%3D\">\n\t\t\t\t\t<div class=\"e-gallery-image elementor-gallery-item__image\" data-thumbnail=\"https:\/\/robwolkers.com\/wp-content\/uploads\/2024\/08\/project-tracer-skymount-9-1.jpg\" data-width=\"1920\" data-height=\"1280\" aria-label=\"\" role=\"img\" ><\/div>\n\t\t\t\t\t\t\t\t\t\t\t<div class=\"elementor-gallery-item__overlay\"><\/div>\n\t\t\t\t\t\t\t\t\t\t\t\t\t\t<\/a>\n\t\t\t\t\t\t\t<a class=\"e-gallery-item elementor-gallery-item\" href=\"https:\/\/robwolkers.com\/wp-content\/uploads\/2024\/08\/project-tracer-skymount-5-1.jpg\" data-elementor-open-lightbox=\"yes\" data-elementor-lightbox-slideshow=\"a51fe4b\" data-e-action-hash=\"#elementor-action%3Aaction%3Dlightbox%26settings%3DeyJpZCI6MzQ0MywidXJsIjoiaHR0cHM6XC9cL3JvYndvbGtlcnMuY29tXC93cC1jb250ZW50XC91cGxvYWRzXC8yMDI0XC8wOFwvcHJvamVjdC10cmFjZXItc2t5bW91bnQtNS0xLmpwZyIsInNsaWRlc2hvdyI6ImE1MWZlNGIifQ%3D%3D\">\n\t\t\t\t\t<div class=\"e-gallery-image elementor-gallery-item__image\" data-thumbnail=\"https:\/\/robwolkers.com\/wp-content\/uploads\/2024\/08\/project-tracer-skymount-5-1.jpg\" data-width=\"1920\" data-height=\"1280\" aria-label=\"\" role=\"img\" ><\/div>\n\t\t\t\t\t\t\t\t\t\t\t<div class=\"elementor-gallery-item__overlay\"><\/div>\n\t\t\t\t\t\t\t\t\t\t\t\t\t\t<\/a>\n\t\t\t\t\t\t\t<a class=\"e-gallery-item elementor-gallery-item\" href=\"https:\/\/robwolkers.com\/wp-content\/uploads\/2024\/08\/project-tracer-skymount-4-1.jpg\" data-elementor-open-lightbox=\"yes\" data-elementor-lightbox-slideshow=\"a51fe4b\" data-e-action-hash=\"#elementor-action%3Aaction%3Dlightbox%26settings%3DeyJpZCI6MzQ0NSwidXJsIjoiaHR0cHM6XC9cL3JvYndvbGtlcnMuY29tXC93cC1jb250ZW50XC91cGxvYWRzXC8yMDI0XC8wOFwvcHJvamVjdC10cmFjZXItc2t5bW91bnQtNC0xLmpwZyIsInNsaWRlc2hvdyI6ImE1MWZlNGIifQ%3D%3D\">\n\t\t\t\t\t<div class=\"e-gallery-image elementor-gallery-item__image\" data-thumbnail=\"https:\/\/robwolkers.com\/wp-content\/uploads\/2024\/08\/project-tracer-skymount-4-1.jpg\" data-width=\"1920\" data-height=\"1280\" aria-label=\"\" role=\"img\" ><\/div>\n\t\t\t\t\t\t\t\t\t\t\t<div class=\"elementor-gallery-item__overlay\"><\/div>\n\t\t\t\t\t\t\t\t\t\t\t\t\t\t<\/a>\n\t\t\t\t\t\t\t<a class=\"e-gallery-item elementor-gallery-item\" href=\"https:\/\/robwolkers.com\/wp-content\/uploads\/2024\/08\/project-tracer-skymount-3-1.jpg\" data-elementor-open-lightbox=\"yes\" data-elementor-lightbox-slideshow=\"a51fe4b\" data-e-action-hash=\"#elementor-action%3Aaction%3Dlightbox%26settings%3DeyJpZCI6MzQ0NywidXJsIjoiaHR0cHM6XC9cL3JvYndvbGtlcnMuY29tXC93cC1jb250ZW50XC91cGxvYWRzXC8yMDI0XC8wOFwvcHJvamVjdC10cmFjZXItc2t5bW91bnQtMy0xLmpwZyIsInNsaWRlc2hvdyI6ImE1MWZlNGIifQ%3D%3D\">\n\t\t\t\t\t<div class=\"e-gallery-image elementor-gallery-item__image\" data-thumbnail=\"https:\/\/robwolkers.com\/wp-content\/uploads\/2024\/08\/project-tracer-skymount-3-1.jpg\" data-width=\"1920\" data-height=\"1280\" aria-label=\"\" role=\"img\" ><\/div>\n\t\t\t\t\t\t\t\t\t\t\t<div class=\"elementor-gallery-item__overlay\"><\/div>\n\t\t\t\t\t\t\t\t\t\t\t\t\t\t<\/a>\n\t\t\t\t\t\t\t<a class=\"e-gallery-item elementor-gallery-item\" href=\"https:\/\/robwolkers.com\/wp-content\/uploads\/2024\/08\/project-tracer-skymount-2-1.jpg\" data-elementor-open-lightbox=\"yes\" data-elementor-lightbox-slideshow=\"a51fe4b\" data-e-action-hash=\"#elementor-action%3Aaction%3Dlightbox%26settings%3DeyJpZCI6MzQ0OSwidXJsIjoiaHR0cHM6XC9cL3JvYndvbGtlcnMuY29tXC93cC1jb250ZW50XC91cGxvYWRzXC8yMDI0XC8wOFwvcHJvamVjdC10cmFjZXItc2t5bW91bnQtMi0xLmpwZyIsInNsaWRlc2hvdyI6ImE1MWZlNGIifQ%3D%3D\">\n\t\t\t\t\t<div class=\"e-gallery-image elementor-gallery-item__image\" data-thumbnail=\"https:\/\/robwolkers.com\/wp-content\/uploads\/2024\/08\/project-tracer-skymount-2-1.jpg\" data-width=\"1920\" data-height=\"1280\" aria-label=\"\" role=\"img\" ><\/div>\n\t\t\t\t\t\t\t\t\t\t\t<div class=\"elementor-gallery-item__overlay\"><\/div>\n\t\t\t\t\t\t\t\t\t\t\t\t\t\t<\/a>\n\t\t\t\t\t\t\t<a class=\"e-gallery-item elementor-gallery-item\" href=\"https:\/\/robwolkers.com\/wp-content\/uploads\/2024\/08\/project-tracer-skymount-1-1.jpg\" data-elementor-open-lightbox=\"yes\" data-elementor-lightbox-slideshow=\"a51fe4b\" data-e-action-hash=\"#elementor-action%3Aaction%3Dlightbox%26settings%3DeyJpZCI6MzQ1MSwidXJsIjoiaHR0cHM6XC9cL3JvYndvbGtlcnMuY29tXC93cC1jb250ZW50XC91cGxvYWRzXC8yMDI0XC8wOFwvcHJvamVjdC10cmFjZXItc2t5bW91bnQtMS0xLmpwZyIsInNsaWRlc2hvdyI6ImE1MWZlNGIifQ%3D%3D\">\n\t\t\t\t\t<div class=\"e-gallery-image elementor-gallery-item__image\" data-thumbnail=\"https:\/\/robwolkers.com\/wp-content\/uploads\/2024\/08\/project-tracer-skymount-1-1.jpg\" data-width=\"1920\" data-height=\"1280\" aria-label=\"\" role=\"img\" ><\/div>\n\t\t\t\t\t\t\t\t\t\t\t<div class=\"elementor-gallery-item__overlay\"><\/div>\n\t\t\t\t\t\t\t\t\t\t\t\t\t\t<\/a>\n\t\t\t\t\t<\/div>\n\t\t\t\t\t<\/div>\n\t\t\t\t<\/div>\n\t\t\t\t<\/div>\n\t\t\t\t<\/div>\n\t\t<div class=\"elementor-element elementor-element-20bac782 e-grid e-con-full e-con e-parent\" data-id=\"20bac782\" data-element_type=\"container\">\n\t\t\t\t<div class=\"elementor-element elementor-element-7bc3ccf7 elementor-align-left elementor-widget__width-initial button-slanted elementor-widget elementor-widget-button\" data-id=\"7bc3ccf7\" data-element_type=\"widget\" data-widget_type=\"button.default\">\n\t\t\t\t<div class=\"elementor-widget-container\">\n\t\t\t\t\t\t\t\t\t<div class=\"elementor-button-wrapper\">\n\t\t\t\t\t<a class=\"elementor-button elementor-button-link elementor-size-sm\" href=\"https:\/\/robwolkers.com\/nl\/projecten\/eeee-fun-electric-scooter\/\">\n\t\t\t\t\t\t<span class=\"elementor-button-content-wrapper\">\n\t\t\t\t\t\t<span class=\"elementor-button-icon\">\n\t\t\t\t<svg xmlns=\"http:\/\/www.w3.org\/2000\/svg\" viewBox=\"0 0 320 512\"><defs><\/defs><path d=\"M310.6 233.4c12.5 12.5 12.5 32.8 0 45.3l-192 192c-12.5 12.5-32.8 12.5-45.3 0s-12.5-32.8 0-45.3L242.7 256 73.4 86.6c-12.5-12.5-12.5-32.8 0-45.3s32.8-12.5 45.3 0l192 192z\" style=\"fill: rgb(127, 248, 255);\"><\/path><\/svg>\t\t\t<\/span>\n\t\t\t\t\t\t\t\t\t<span class=\"elementor-button-text\">&lt;&lt;  eeee-Fun Electric Scooter<\/span>\n\t\t\t\t\t<\/span>\n\t\t\t\t\t<\/a>\n\t\t\t\t<\/div>\n\t\t\t\t\t\t\t\t<\/div>\n\t\t\t\t<\/div>\n\t\t\t\t<div class=\"elementor-element elementor-element-7403b282 elementor-align-center elementor-widget__width-initial button-slanted elementor-mobile-align-left elementor-widget elementor-widget-button\" data-id=\"7403b282\" data-element_type=\"widget\" data-widget_type=\"button.default\">\n\t\t\t\t<div class=\"elementor-widget-container\">\n\t\t\t\t\t\t\t\t\t<div class=\"elementor-button-wrapper\">\n\t\t\t\t\t<a class=\"elementor-button elementor-button-link elementor-size-sm\" href=\"https:\/\/robwolkers.com\/nl\/projecten\/\">\n\t\t\t\t\t\t<span class=\"elementor-button-content-wrapper\">\n\t\t\t\t\t\t<span class=\"elementor-button-icon\">\n\t\t\t\t<svg xmlns=\"http:\/\/www.w3.org\/2000\/svg\" viewBox=\"0 0 320 512\"><defs><\/defs><path d=\"M310.6 233.4c12.5 12.5 12.5 32.8 0 45.3l-192 192c-12.5 12.5-32.8 12.5-45.3 0s-12.5-32.8 0-45.3L242.7 256 73.4 86.6c-12.5-12.5-12.5-32.8 0-45.3s32.8-12.5 45.3 0l192 192z\" style=\"fill: rgb(127, 248, 255);\"><\/path><\/svg>\t\t\t<\/span>\n\t\t\t\t\t\t\t\t\t<span class=\"elementor-button-text\">Alle Projecten<\/span>\n\t\t\t\t\t<\/span>\n\t\t\t\t\t<\/a>\n\t\t\t\t<\/div>\n\t\t\t\t\t\t\t\t<\/div>\n\t\t\t\t<\/div>\n\t\t\t\t<div class=\"elementor-element elementor-element-58750cd4 elementor-align-right elementor-widget__width-initial button-slanted elementor-mobile-align-left elementor-widget elementor-widget-button\" data-id=\"58750cd4\" data-element_type=\"widget\" data-widget_type=\"button.default\">\n\t\t\t\t<div class=\"elementor-widget-container\">\n\t\t\t\t\t\t\t\t\t<div class=\"elementor-button-wrapper\">\n\t\t\t\t\t<a class=\"elementor-button elementor-button-link elementor-size-sm\" href=\"https:\/\/robwolkers.com\/nl\/maco-cx-4-dispenser\/\">\n\t\t\t\t\t\t<span class=\"elementor-button-content-wrapper\">\n\t\t\t\t\t\t<span class=\"elementor-button-icon\">\n\t\t\t\t<svg xmlns=\"http:\/\/www.w3.org\/2000\/svg\" viewBox=\"0 0 320 512\"><defs><\/defs><path d=\"M310.6 233.4c12.5 12.5 12.5 32.8 0 45.3l-192 192c-12.5 12.5-32.8 12.5-45.3 0s-12.5-32.8 0-45.3L242.7 256 73.4 86.6c-12.5-12.5-12.5-32.8 0-45.3s32.8-12.5 45.3 0l192 192z\" style=\"fill: rgb(127, 248, 255);\"><\/path><\/svg>\t\t\t<\/span>\n\t\t\t\t\t\t\t\t\t<span class=\"elementor-button-text\">Maco CX-4 Dispenser  &gt;&gt;<\/span>\n\t\t\t\t\t<\/span>\n\t\t\t\t\t<\/a>\n\t\t\t\t<\/div>\n\t\t\t\t\t\t\t\t<\/div>\n\t\t\t\t<\/div>\n\t\t\t\t<\/div>\n\t\t\t\t<\/div>\n\t\t","protected":false},"excerpt":{"rendered":"<p>Tracer Skymount Overzie het grotere plaatje Drones zijn inmiddels breed beschikbaar, toegankelijk, goedkoop, en vaak ideaal om actiesport video\u2019s vanuit vogelvlucht mee te schieten. Het inzetten van een drone bij 30 knopen wind of meer boven open zee brengt echter risico&#8217;s met zich mee en vereist een drone-operator die bereid is om beelden van je [&hellip;]<\/p>\n","protected":false},"author":1,"featured_media":0,"parent":6036,"menu_order":0,"comment_status":"closed","ping_status":"closed","template":"elementor_header_footer","meta":{"footnotes":""},"class_list":["post-6123","page","type-page","status-publish","hentry"],"_links":{"self":[{"href":"https:\/\/robwolkers.com\/nl\/wp-json\/wp\/v2\/pages\/6123","targetHints":{"allow":["GET"]}}],"collection":[{"href":"https:\/\/robwolkers.com\/nl\/wp-json\/wp\/v2\/pages"}],"about":[{"href":"https:\/\/robwolkers.com\/nl\/wp-json\/wp\/v2\/types\/page"}],"author":[{"embeddable":true,"href":"https:\/\/robwolkers.com\/nl\/wp-json\/wp\/v2\/users\/1"}],"replies":[{"embeddable":true,"href":"https:\/\/robwolkers.com\/nl\/wp-json\/wp\/v2\/comments?post=6123"}],"version-history":[{"count":5,"href":"https:\/\/robwolkers.com\/nl\/wp-json\/wp\/v2\/pages\/6123\/revisions"}],"predecessor-version":[{"id":6451,"href":"https:\/\/robwolkers.com\/nl\/wp-json\/wp\/v2\/pages\/6123\/revisions\/6451"}],"up":[{"embeddable":true,"href":"https:\/\/robwolkers.com\/nl\/wp-json\/wp\/v2\/pages\/6036"}],"wp:attachment":[{"href":"https:\/\/robwolkers.com\/nl\/wp-json\/wp\/v2\/media?parent=6123"}],"curies":[{"name":"wp","href":"https:\/\/api.w.org\/{rel}","templated":true}]}}