{"id":6095,"date":"2024-08-21T13:04:46","date_gmt":"2024-08-21T13:04:46","guid":{"rendered":"https:\/\/robwolkers.com\/projecten\/maxx-living\/"},"modified":"2025-01-04T13:59:31","modified_gmt":"2025-01-04T13:59:31","slug":"maxx-living","status":"publish","type":"page","link":"https:\/\/robwolkers.com\/nl\/projecten\/maxx-living\/","title":{"rendered":"Maxx Living"},"content":{"rendered":"\t\t<div data-elementor-type=\"wp-page\" data-elementor-id=\"6095\" class=\"elementor elementor-6095 elementor-4886\" data-elementor-post-type=\"page\">\n\t\t\t\t<div class=\"elementor-element elementor-element-77632ed4 e-flex e-con-boxed e-con e-parent\" data-id=\"77632ed4\" data-element_type=\"container\">\n\t\t\t\t\t<div class=\"e-con-inner\">\n\t\t\t\t<div class=\"elementor-element elementor-element-5bc595da elementor-widget elementor-widget-heading\" data-id=\"5bc595da\" data-element_type=\"widget\" data-widget_type=\"heading.default\">\n\t\t\t\t<div class=\"elementor-widget-container\">\n\t\t\t\t\t<h2 class=\"elementor-heading-title elementor-size-default\">Maxx Living<\/h2>\t\t\t\t<\/div>\n\t\t\t\t<\/div>\n\t\t\t\t<div class=\"elementor-element elementor-element-4c9baa2d elementor-widget elementor-widget-text-editor\" data-id=\"4c9baa2d\" data-element_type=\"widget\" data-widget_type=\"text-editor.default\">\n\t\t\t\t<div class=\"elementor-widget-container\">\n\t\t\t\t\t\t\t\t\t<p>Innovatie cre\u00ebert ruimte voor betaalbare kwaliteit<\/p>\n\t\t\t\t\t\t\t\t<\/div>\n\t\t\t\t<\/div>\n\t\t\t\t<div class=\"elementor-element elementor-element-c3c643c elementor-view-default elementor-widget elementor-widget-icon\" data-id=\"c3c643c\" data-element_type=\"widget\" data-widget_type=\"icon.default\">\n\t\t\t\t<div class=\"elementor-widget-container\">\n\t\t\t\t\t\t\t<div class=\"elementor-icon-wrapper\">\n\t\t\t<div class=\"elementor-icon\">\n\t\t\t<svg aria-hidden=\"true\" class=\"e-font-icon-svg e-fas-angle-double-down\" viewBox=\"0 0 320 512\" xmlns=\"http:\/\/www.w3.org\/2000\/svg\"><path d=\"M143 256.3L7 120.3c-9.4-9.4-9.4-24.6 0-33.9l22.6-22.6c9.4-9.4 24.6-9.4 33.9 0l96.4 96.4 96.4-96.4c9.4-9.4 24.6-9.4 33.9 0L313 86.3c9.4 9.4 9.4 24.6 0 33.9l-136 136c-9.4 9.5-24.6 9.5-34 .1zm34 192l136-136c9.4-9.4 9.4-24.6 0-33.9l-22.6-22.6c-9.4-9.4-24.6-9.4-33.9 0L160 352.1l-96.4-96.4c-9.4-9.4-24.6-9.4-33.9 0L7 278.3c-9.4 9.4-9.4 24.6 0 33.9l136 136c9.4 9.5 24.6 9.5 34 .1z\"><\/path><\/svg>\t\t\t<\/div>\n\t\t<\/div>\n\t\t\t\t\t\t<\/div>\n\t\t\t\t<\/div>\n\t\t\t\t\t<\/div>\n\t\t\t\t<\/div>\n\t\t<div class=\"elementor-element elementor-element-11d5030 e-con-full bar-slanted e-flex e-con e-parent\" data-id=\"11d5030\" data-element_type=\"container\" data-settings=\"{&quot;background_background&quot;:&quot;classic&quot;}\">\n\t\t\t\t<\/div>\n\t\t<div class=\"elementor-element elementor-element-22e91576 e-con-full e-flex e-con e-parent\" data-id=\"22e91576\" data-element_type=\"container\">\n\t\t<div class=\"elementor-element elementor-element-19deb5c2 e-con-full e-flex e-con e-child\" data-id=\"19deb5c2\" data-element_type=\"container\">\n\t\t\t\t<div class=\"elementor-element elementor-element-5d44773a elementor-widget elementor-widget-text-editor\" data-id=\"5d44773a\" data-element_type=\"widget\" data-widget_type=\"text-editor.default\">\n\t\t\t\t<div class=\"elementor-widget-container\">\n\t\t\t\t\t\t\t\t\t<p>Waarom zou een projectontwikkelaar, met een eigen architectenteam, ook nog met een industrieel ontwerper willen samenwerken?<\/p>\n<p>Omdat hij een project met 500 betaalbare en duurzame houten starterswoningen wil bouwen, die modulair, prefab, schaalbaar en ook nog eens volledig afgestemd op de wens van de koper zijn. Dit bracht een paar flinke uitdagingen met zich mee, aangezien de bouwwereld voornamelijk ervaring heeft met maatwerk in enkelstuks of homogene massaproductie.<\/p>\n<p>Tijdens het eerste gesprek met Maxx Living werd snel duidelijk waar een industrieel ontwerper van toegevoegde waarde kan zijn. Allereerst bij de optimalisatie voor serieproductie van het technisch ontwerp, En daarnaast voorkomen dat er 500 verschillende klant configuraties handmatig uitgetekend moesten worden.<\/p>\n\t\t\t\t\t\t\t\t<\/div>\n\t\t\t\t<\/div>\n\t\t\t\t<div class=\"elementor-element elementor-element-821d8ad elementor-widget elementor-widget-heading\" data-id=\"821d8ad\" data-element_type=\"widget\" data-widget_type=\"heading.default\">\n\t\t\t\t<div class=\"elementor-widget-container\">\n\t\t\t\t\t<h2 class=\"elementor-heading-title elementor-size-default\">Modulair in de lengte<\/h2>\t\t\t\t<\/div>\n\t\t\t\t<\/div>\n\t\t\t\t<div class=\"elementor-element elementor-element-3dd5445a elementor-widget elementor-widget-text-editor\" data-id=\"3dd5445a\" data-element_type=\"widget\" data-widget_type=\"text-editor.default\">\n\t\t\t\t<div class=\"elementor-widget-container\">\n\t\t\t\t\t\t\t\t\t<p>Het concept van Maxx Living is eenvoudig en slim. De voorgevel is verkrijgbaar in een aantal standaard (hoogte en breedte) maten: M, L, XL, en XXL. De totale lengte van het huis is dus zelf samen te stellen, en dankzij de modulariteit kan er gespeeld worden met de positie van diverse elementen zoals de entree, raampartijen, of skylight segmenten. Ook de indeling, trap en de verdiepingsvloer zijn modulair. Zo kan er gekozen worden voor een volledige verdiepingsvloer met een maximaal aantal vierkante meters, of juist voor de ruimtelijkheid van een vide.<\/p>\n<p>Eindeloze mogelijkheden voor de koper&#8230; en dus een flinke uitdaging qua tekenwerk en documentatie. Na het testen van een aantal workflows, is er besloten om te werken met een intelligent Mastermodel dat leidend is voor de maatvoering van alle onderdelen van het casco. Dit Mastermodel begint met een hoofdschets met de voorgevelmaten, en is leidend voor alle opvolgende schetsen en features. Bij een aanpassing van deze schets worden alle onderliggende onderdelen automatisch aangepast op zowel 3D Part als 2D Drawing niveau.<\/p>\n<p>Op Assembly niveau kan er door middel van configuraties snel worden gekozen uit segment types, waardoor een klantspecifieke samenstelling en bijbehorende tekening van het huis binnen no-time gegenereerd kan worden.<\/p>\n\t\t\t\t\t\t\t\t<\/div>\n\t\t\t\t<\/div>\n\t\t\t\t<div class=\"elementor-element elementor-element-5cdbd260 elementor-widget elementor-widget-heading\" data-id=\"5cdbd260\" data-element_type=\"widget\" data-widget_type=\"heading.default\">\n\t\t\t\t<div class=\"elementor-widget-container\">\n\t\t\t\t\t<h2 class=\"elementor-heading-title elementor-size-default\">Casco binnen een dag<\/h2>\t\t\t\t<\/div>\n\t\t\t\t<\/div>\n\t\t\t\t<div class=\"elementor-element elementor-element-27b545f3 elementor-widget elementor-widget-text-editor\" data-id=\"27b545f3\" data-element_type=\"widget\" data-widget_type=\"text-editor.default\">\n\t\t\t\t<div class=\"elementor-widget-container\">\n\t\t\t\t\t\t\t\t\t<p>Daarnaast is er gekeken naar product- en procesoptimalisatie. De segmenten worden in een schone en droge omgeving prefab gefabriceerd, ge\u00efsoleerd en voorbedraad, om vervolgens getransporteerd en just-in-time aangeleverd te worden op de bouwlocatie. Twee segmenten worden liggend gemonteerd en vervolgens op de betonnen fundering in positie gehesen Dankzij de slimme modulaire boutverbindingen kan het volledige casco met dit systeem binnen \u00e9\u00e9n dag opgebouwd worden. Een effici\u00ebnte workflow, vanaf los onderdeel tot het volledige casco.<\/p><p>De hoogwaardige afwerking met onder andere zonnepanelen maken de Maxx Living ervaring compleet: een moderne, duurzame woning naar eigen wens voor een bijzonder scherpe prijs.<\/p><p><a href=\"https:\/\/www.maxxliving.com\" target=\"_blank\" rel=\"noopener\">www.maxxliving.com<\/a><\/p>\t\t\t\t\t\t\t\t<\/div>\n\t\t\t\t<\/div>\n\t\t\t\t<\/div>\n\t\t<div class=\"elementor-element elementor-element-45e38258 e-con-full e-flex e-con e-child\" data-id=\"45e38258\" data-element_type=\"container\">\n\t\t\t\t<div class=\"elementor-element elementor-element-120558f elementor-widget__width-initial elementor-widget-mobile__width-inherit elementor-widget elementor-widget-gallery\" data-id=\"120558f\" data-element_type=\"widget\" data-settings=\"{&quot;columns&quot;:2,&quot;gap_mobile&quot;:{&quot;unit&quot;:&quot;px&quot;,&quot;size&quot;:32,&quot;sizes&quot;:[]},&quot;gallery_layout&quot;:&quot;grid&quot;,&quot;columns_tablet&quot;:2,&quot;columns_mobile&quot;:1,&quot;gap&quot;:{&quot;unit&quot;:&quot;px&quot;,&quot;size&quot;:10,&quot;sizes&quot;:[]},&quot;gap_tablet&quot;:{&quot;unit&quot;:&quot;px&quot;,&quot;size&quot;:10,&quot;sizes&quot;:[]},&quot;link_to&quot;:&quot;file&quot;,&quot;aspect_ratio&quot;:&quot;3:2&quot;,&quot;overlay_background&quot;:&quot;yes&quot;}\" data-widget_type=\"gallery.default\">\n\t\t\t\t<div class=\"elementor-widget-container\">\n\t\t\t\t\t\t\t<div class=\"elementor-gallery__container\">\n\t\t\t\t\t\t\t<a class=\"e-gallery-item elementor-gallery-item\" href=\"https:\/\/robwolkers.com\/wp-content\/uploads\/2024\/08\/project-maxxliving-home-12-1.jpg\" data-elementor-open-lightbox=\"yes\" data-elementor-lightbox-slideshow=\"120558f\" data-e-action-hash=\"#elementor-action%3Aaction%3Dlightbox%26settings%3DeyJpZCI6MzM0MCwidXJsIjoiaHR0cHM6XC9cL3JvYndvbGtlcnMuY29tXC93cC1jb250ZW50XC91cGxvYWRzXC8yMDI0XC8wOFwvcHJvamVjdC1tYXh4bGl2aW5nLWhvbWUtMTItMS5qcGciLCJzbGlkZXNob3ciOiIxMjA1NThmIn0%3D\">\n\t\t\t\t\t<div class=\"e-gallery-image elementor-gallery-item__image\" data-thumbnail=\"https:\/\/robwolkers.com\/wp-content\/uploads\/2024\/08\/project-maxxliving-home-12-1.jpg\" data-width=\"1920\" data-height=\"1280\" aria-label=\"\" role=\"img\" ><\/div>\n\t\t\t\t\t\t\t\t\t\t\t<div class=\"elementor-gallery-item__overlay\"><\/div>\n\t\t\t\t\t\t\t\t\t\t\t\t\t\t<\/a>\n\t\t\t\t\t\t\t<a class=\"e-gallery-item elementor-gallery-item\" href=\"https:\/\/robwolkers.com\/wp-content\/uploads\/2024\/08\/project-maxxliving-home-11-1.jpg\" data-elementor-open-lightbox=\"yes\" data-elementor-lightbox-slideshow=\"120558f\" data-e-action-hash=\"#elementor-action%3Aaction%3Dlightbox%26settings%3DeyJpZCI6MzM0MiwidXJsIjoiaHR0cHM6XC9cL3JvYndvbGtlcnMuY29tXC93cC1jb250ZW50XC91cGxvYWRzXC8yMDI0XC8wOFwvcHJvamVjdC1tYXh4bGl2aW5nLWhvbWUtMTEtMS5qcGciLCJzbGlkZXNob3ciOiIxMjA1NThmIn0%3D\">\n\t\t\t\t\t<div class=\"e-gallery-image elementor-gallery-item__image\" data-thumbnail=\"https:\/\/robwolkers.com\/wp-content\/uploads\/2024\/08\/project-maxxliving-home-11-1.jpg\" data-width=\"1920\" data-height=\"1280\" aria-label=\"\" role=\"img\" ><\/div>\n\t\t\t\t\t\t\t\t\t\t\t<div class=\"elementor-gallery-item__overlay\"><\/div>\n\t\t\t\t\t\t\t\t\t\t\t\t\t\t<\/a>\n\t\t\t\t\t\t\t<a class=\"e-gallery-item elementor-gallery-item\" href=\"https:\/\/robwolkers.com\/wp-content\/uploads\/2024\/08\/project-maxxliving-home-10-1.jpg\" data-elementor-open-lightbox=\"yes\" data-elementor-lightbox-slideshow=\"120558f\" data-e-action-hash=\"#elementor-action%3Aaction%3Dlightbox%26settings%3DeyJpZCI6MzM0NCwidXJsIjoiaHR0cHM6XC9cL3JvYndvbGtlcnMuY29tXC93cC1jb250ZW50XC91cGxvYWRzXC8yMDI0XC8wOFwvcHJvamVjdC1tYXh4bGl2aW5nLWhvbWUtMTAtMS5qcGciLCJzbGlkZXNob3ciOiIxMjA1NThmIn0%3D\">\n\t\t\t\t\t<div class=\"e-gallery-image elementor-gallery-item__image\" data-thumbnail=\"https:\/\/robwolkers.com\/wp-content\/uploads\/2024\/08\/project-maxxliving-home-10-1.jpg\" data-width=\"1920\" data-height=\"1280\" aria-label=\"\" role=\"img\" ><\/div>\n\t\t\t\t\t\t\t\t\t\t\t<div class=\"elementor-gallery-item__overlay\"><\/div>\n\t\t\t\t\t\t\t\t\t\t\t\t\t\t<\/a>\n\t\t\t\t\t\t\t<a class=\"e-gallery-item elementor-gallery-item\" href=\"https:\/\/robwolkers.com\/wp-content\/uploads\/2024\/08\/project-maxxliving-home-9-1.jpg\" data-elementor-open-lightbox=\"yes\" data-elementor-lightbox-slideshow=\"120558f\" data-e-action-hash=\"#elementor-action%3Aaction%3Dlightbox%26settings%3DeyJpZCI6MzM0NiwidXJsIjoiaHR0cHM6XC9cL3JvYndvbGtlcnMuY29tXC93cC1jb250ZW50XC91cGxvYWRzXC8yMDI0XC8wOFwvcHJvamVjdC1tYXh4bGl2aW5nLWhvbWUtOS0xLmpwZyIsInNsaWRlc2hvdyI6IjEyMDU1OGYifQ%3D%3D\">\n\t\t\t\t\t<div class=\"e-gallery-image elementor-gallery-item__image\" data-thumbnail=\"https:\/\/robwolkers.com\/wp-content\/uploads\/2024\/08\/project-maxxliving-home-9-1.jpg\" data-width=\"1920\" data-height=\"1280\" aria-label=\"\" role=\"img\" ><\/div>\n\t\t\t\t\t\t\t\t\t\t\t<div class=\"elementor-gallery-item__overlay\"><\/div>\n\t\t\t\t\t\t\t\t\t\t\t\t\t\t<\/a>\n\t\t\t\t\t\t\t<a class=\"e-gallery-item elementor-gallery-item\" href=\"https:\/\/robwolkers.com\/wp-content\/uploads\/2024\/08\/project-maxxliving-home-8-1.jpg\" data-elementor-open-lightbox=\"yes\" data-elementor-lightbox-slideshow=\"120558f\" data-e-action-hash=\"#elementor-action%3Aaction%3Dlightbox%26settings%3DeyJpZCI6MzM0OCwidXJsIjoiaHR0cHM6XC9cL3JvYndvbGtlcnMuY29tXC93cC1jb250ZW50XC91cGxvYWRzXC8yMDI0XC8wOFwvcHJvamVjdC1tYXh4bGl2aW5nLWhvbWUtOC0xLmpwZyIsInNsaWRlc2hvdyI6IjEyMDU1OGYifQ%3D%3D\">\n\t\t\t\t\t<div class=\"e-gallery-image elementor-gallery-item__image\" data-thumbnail=\"https:\/\/robwolkers.com\/wp-content\/uploads\/2024\/08\/project-maxxliving-home-8-1.jpg\" data-width=\"1920\" data-height=\"1280\" aria-label=\"\" role=\"img\" ><\/div>\n\t\t\t\t\t\t\t\t\t\t\t<div class=\"elementor-gallery-item__overlay\"><\/div>\n\t\t\t\t\t\t\t\t\t\t\t\t\t\t<\/a>\n\t\t\t\t\t\t\t<a class=\"e-gallery-item elementor-gallery-item\" href=\"https:\/\/robwolkers.com\/wp-content\/uploads\/2024\/08\/project-maxxliving-home-7-1.jpg\" data-elementor-open-lightbox=\"yes\" data-elementor-lightbox-slideshow=\"120558f\" data-e-action-hash=\"#elementor-action%3Aaction%3Dlightbox%26settings%3DeyJpZCI6MzM1MCwidXJsIjoiaHR0cHM6XC9cL3JvYndvbGtlcnMuY29tXC93cC1jb250ZW50XC91cGxvYWRzXC8yMDI0XC8wOFwvcHJvamVjdC1tYXh4bGl2aW5nLWhvbWUtNy0xLmpwZyIsInNsaWRlc2hvdyI6IjEyMDU1OGYifQ%3D%3D\">\n\t\t\t\t\t<div class=\"e-gallery-image elementor-gallery-item__image\" data-thumbnail=\"https:\/\/robwolkers.com\/wp-content\/uploads\/2024\/08\/project-maxxliving-home-7-1.jpg\" data-width=\"1920\" data-height=\"1280\" aria-label=\"\" role=\"img\" ><\/div>\n\t\t\t\t\t\t\t\t\t\t\t<div class=\"elementor-gallery-item__overlay\"><\/div>\n\t\t\t\t\t\t\t\t\t\t\t\t\t\t<\/a>\n\t\t\t\t\t\t\t<a class=\"e-gallery-item elementor-gallery-item\" href=\"https:\/\/robwolkers.com\/wp-content\/uploads\/2024\/08\/project-maxxliving-home-6-1.jpg\" data-elementor-open-lightbox=\"yes\" data-elementor-lightbox-slideshow=\"120558f\" data-e-action-hash=\"#elementor-action%3Aaction%3Dlightbox%26settings%3DeyJpZCI6MzM1MiwidXJsIjoiaHR0cHM6XC9cL3JvYndvbGtlcnMuY29tXC93cC1jb250ZW50XC91cGxvYWRzXC8yMDI0XC8wOFwvcHJvamVjdC1tYXh4bGl2aW5nLWhvbWUtNi0xLmpwZyIsInNsaWRlc2hvdyI6IjEyMDU1OGYifQ%3D%3D\">\n\t\t\t\t\t<div class=\"e-gallery-image elementor-gallery-item__image\" data-thumbnail=\"https:\/\/robwolkers.com\/wp-content\/uploads\/2024\/08\/project-maxxliving-home-6-1.jpg\" data-width=\"1920\" data-height=\"1280\" aria-label=\"\" role=\"img\" ><\/div>\n\t\t\t\t\t\t\t\t\t\t\t<div class=\"elementor-gallery-item__overlay\"><\/div>\n\t\t\t\t\t\t\t\t\t\t\t\t\t\t<\/a>\n\t\t\t\t\t\t\t<a class=\"e-gallery-item elementor-gallery-item\" href=\"https:\/\/robwolkers.com\/wp-content\/uploads\/2024\/08\/project-maxxliving-home-5-1.jpg\" data-elementor-open-lightbox=\"yes\" data-elementor-lightbox-slideshow=\"120558f\" data-e-action-hash=\"#elementor-action%3Aaction%3Dlightbox%26settings%3DeyJpZCI6MzM1NCwidXJsIjoiaHR0cHM6XC9cL3JvYndvbGtlcnMuY29tXC93cC1jb250ZW50XC91cGxvYWRzXC8yMDI0XC8wOFwvcHJvamVjdC1tYXh4bGl2aW5nLWhvbWUtNS0xLmpwZyIsInNsaWRlc2hvdyI6IjEyMDU1OGYifQ%3D%3D\">\n\t\t\t\t\t<div class=\"e-gallery-image elementor-gallery-item__image\" data-thumbnail=\"https:\/\/robwolkers.com\/wp-content\/uploads\/2024\/08\/project-maxxliving-home-5-1.jpg\" data-width=\"1920\" data-height=\"1280\" aria-label=\"\" role=\"img\" ><\/div>\n\t\t\t\t\t\t\t\t\t\t\t<div class=\"elementor-gallery-item__overlay\"><\/div>\n\t\t\t\t\t\t\t\t\t\t\t\t\t\t<\/a>\n\t\t\t\t\t\t\t<a class=\"e-gallery-item elementor-gallery-item\" href=\"https:\/\/robwolkers.com\/wp-content\/uploads\/2024\/08\/project-maxxliving-home-4-1.jpg\" data-elementor-open-lightbox=\"yes\" data-elementor-lightbox-slideshow=\"120558f\" data-e-action-hash=\"#elementor-action%3Aaction%3Dlightbox%26settings%3DeyJpZCI6MzM1NiwidXJsIjoiaHR0cHM6XC9cL3JvYndvbGtlcnMuY29tXC93cC1jb250ZW50XC91cGxvYWRzXC8yMDI0XC8wOFwvcHJvamVjdC1tYXh4bGl2aW5nLWhvbWUtNC0xLmpwZyIsInNsaWRlc2hvdyI6IjEyMDU1OGYifQ%3D%3D\">\n\t\t\t\t\t<div class=\"e-gallery-image elementor-gallery-item__image\" data-thumbnail=\"https:\/\/robwolkers.com\/wp-content\/uploads\/2024\/08\/project-maxxliving-home-4-1.jpg\" data-width=\"1920\" data-height=\"1280\" aria-label=\"\" role=\"img\" ><\/div>\n\t\t\t\t\t\t\t\t\t\t\t<div class=\"elementor-gallery-item__overlay\"><\/div>\n\t\t\t\t\t\t\t\t\t\t\t\t\t\t<\/a>\n\t\t\t\t\t\t\t<a class=\"e-gallery-item elementor-gallery-item\" href=\"https:\/\/robwolkers.com\/wp-content\/uploads\/2024\/08\/project-maxxliving-home-3-1.jpg\" data-elementor-open-lightbox=\"yes\" data-elementor-lightbox-slideshow=\"120558f\" data-e-action-hash=\"#elementor-action%3Aaction%3Dlightbox%26settings%3DeyJpZCI6MzM1OCwidXJsIjoiaHR0cHM6XC9cL3JvYndvbGtlcnMuY29tXC93cC1jb250ZW50XC91cGxvYWRzXC8yMDI0XC8wOFwvcHJvamVjdC1tYXh4bGl2aW5nLWhvbWUtMy0xLmpwZyIsInNsaWRlc2hvdyI6IjEyMDU1OGYifQ%3D%3D\">\n\t\t\t\t\t<div class=\"e-gallery-image elementor-gallery-item__image\" data-thumbnail=\"https:\/\/robwolkers.com\/wp-content\/uploads\/2024\/08\/project-maxxliving-home-3-1.jpg\" data-width=\"1920\" data-height=\"1280\" aria-label=\"\" role=\"img\" ><\/div>\n\t\t\t\t\t\t\t\t\t\t\t<div class=\"elementor-gallery-item__overlay\"><\/div>\n\t\t\t\t\t\t\t\t\t\t\t\t\t\t<\/a>\n\t\t\t\t\t\t\t<a class=\"e-gallery-item elementor-gallery-item\" href=\"https:\/\/robwolkers.com\/wp-content\/uploads\/2024\/08\/project-maxxliving-home-2-1.jpg\" data-elementor-open-lightbox=\"yes\" data-elementor-lightbox-slideshow=\"120558f\" data-e-action-hash=\"#elementor-action%3Aaction%3Dlightbox%26settings%3DeyJpZCI6MzM2MCwidXJsIjoiaHR0cHM6XC9cL3JvYndvbGtlcnMuY29tXC93cC1jb250ZW50XC91cGxvYWRzXC8yMDI0XC8wOFwvcHJvamVjdC1tYXh4bGl2aW5nLWhvbWUtMi0xLmpwZyIsInNsaWRlc2hvdyI6IjEyMDU1OGYifQ%3D%3D\">\n\t\t\t\t\t<div class=\"e-gallery-image elementor-gallery-item__image\" data-thumbnail=\"https:\/\/robwolkers.com\/wp-content\/uploads\/2024\/08\/project-maxxliving-home-2-1.jpg\" data-width=\"1920\" data-height=\"1280\" aria-label=\"\" role=\"img\" ><\/div>\n\t\t\t\t\t\t\t\t\t\t\t<div class=\"elementor-gallery-item__overlay\"><\/div>\n\t\t\t\t\t\t\t\t\t\t\t\t\t\t<\/a>\n\t\t\t\t\t\t\t<a class=\"e-gallery-item elementor-gallery-item\" href=\"https:\/\/robwolkers.com\/wp-content\/uploads\/2024\/08\/project-maxxliving-home-1-1.jpg\" data-elementor-open-lightbox=\"yes\" data-elementor-lightbox-slideshow=\"120558f\" data-e-action-hash=\"#elementor-action%3Aaction%3Dlightbox%26settings%3DeyJpZCI6MzM2MiwidXJsIjoiaHR0cHM6XC9cL3JvYndvbGtlcnMuY29tXC93cC1jb250ZW50XC91cGxvYWRzXC8yMDI0XC8wOFwvcHJvamVjdC1tYXh4bGl2aW5nLWhvbWUtMS0xLmpwZyIsInNsaWRlc2hvdyI6IjEyMDU1OGYifQ%3D%3D\">\n\t\t\t\t\t<div class=\"e-gallery-image elementor-gallery-item__image\" data-thumbnail=\"https:\/\/robwolkers.com\/wp-content\/uploads\/2024\/08\/project-maxxliving-home-1-1.jpg\" data-width=\"1920\" data-height=\"1280\" aria-label=\"\" role=\"img\" ><\/div>\n\t\t\t\t\t\t\t\t\t\t\t<div class=\"elementor-gallery-item__overlay\"><\/div>\n\t\t\t\t\t\t\t\t\t\t\t\t\t\t<\/a>\n\t\t\t\t\t<\/div>\n\t\t\t\t\t<\/div>\n\t\t\t\t<\/div>\n\t\t\t\t<\/div>\n\t\t\t\t<\/div>\n\t\t<div class=\"elementor-element elementor-element-c7682f8 e-grid e-con-full e-con e-parent\" data-id=\"c7682f8\" data-element_type=\"container\">\n\t\t\t\t<div class=\"elementor-element elementor-element-4497bf71 elementor-align-left elementor-widget__width-initial button-slanted elementor-widget elementor-widget-button\" data-id=\"4497bf71\" data-element_type=\"widget\" data-widget_type=\"button.default\">\n\t\t\t\t<div class=\"elementor-widget-container\">\n\t\t\t\t\t\t\t\t\t<div class=\"elementor-button-wrapper\">\n\t\t\t\t\t<a class=\"elementor-button elementor-button-link elementor-size-sm\" href=\"https:\/\/robwolkers.com\/nl\/projecten\/ev-box-home-line\/\">\n\t\t\t\t\t\t<span class=\"elementor-button-content-wrapper\">\n\t\t\t\t\t\t<span class=\"elementor-button-icon\">\n\t\t\t\t<svg xmlns=\"http:\/\/www.w3.org\/2000\/svg\" viewBox=\"0 0 320 512\"><defs><\/defs><path d=\"M310.6 233.4c12.5 12.5 12.5 32.8 0 45.3l-192 192c-12.5 12.5-32.8 12.5-45.3 0s-12.5-32.8 0-45.3L242.7 256 73.4 86.6c-12.5-12.5-12.5-32.8 0-45.3s32.8-12.5 45.3 0l192 192z\" style=\"fill: rgb(127, 248, 255);\"><\/path><\/svg>\t\t\t<\/span>\n\t\t\t\t\t\t\t\t\t<span class=\"elementor-button-text\">&lt;&lt; EV-Box Home Line<\/span>\n\t\t\t\t\t<\/span>\n\t\t\t\t\t<\/a>\n\t\t\t\t<\/div>\n\t\t\t\t\t\t\t\t<\/div>\n\t\t\t\t<\/div>\n\t\t\t\t<div class=\"elementor-element elementor-element-1a10525c elementor-align-center elementor-widget__width-initial button-slanted elementor-mobile-align-left elementor-widget elementor-widget-button\" data-id=\"1a10525c\" data-element_type=\"widget\" data-widget_type=\"button.default\">\n\t\t\t\t<div class=\"elementor-widget-container\">\n\t\t\t\t\t\t\t\t\t<div class=\"elementor-button-wrapper\">\n\t\t\t\t\t<a class=\"elementor-button elementor-button-link elementor-size-sm\" href=\"https:\/\/robwolkers.com\/nl\/projecten\/\" id=\"n\">\n\t\t\t\t\t\t<span class=\"elementor-button-content-wrapper\">\n\t\t\t\t\t\t<span class=\"elementor-button-icon\">\n\t\t\t\t<svg xmlns=\"http:\/\/www.w3.org\/2000\/svg\" viewBox=\"0 0 320 512\"><defs><\/defs><path d=\"M310.6 233.4c12.5 12.5 12.5 32.8 0 45.3l-192 192c-12.5 12.5-32.8 12.5-45.3 0s-12.5-32.8 0-45.3L242.7 256 73.4 86.6c-12.5-12.5-12.5-32.8 0-45.3s32.8-12.5 45.3 0l192 192z\" style=\"fill: rgb(127, 248, 255);\"><\/path><\/svg>\t\t\t<\/span>\n\t\t\t\t\t\t\t\t\t<span class=\"elementor-button-text\">Alle Projecten<\/span>\n\t\t\t\t\t<\/span>\n\t\t\t\t\t<\/a>\n\t\t\t\t<\/div>\n\t\t\t\t\t\t\t\t<\/div>\n\t\t\t\t<\/div>\n\t\t\t\t<div class=\"elementor-element elementor-element-1d0ef4b elementor-align-right elementor-widget__width-initial button-slanted elementor-mobile-align-left elementor-widget elementor-widget-button\" data-id=\"1d0ef4b\" data-element_type=\"widget\" data-widget_type=\"button.default\">\n\t\t\t\t<div class=\"elementor-widget-container\">\n\t\t\t\t\t\t\t\t\t<div class=\"elementor-button-wrapper\">\n\t\t\t\t\t<a class=\"elementor-button elementor-button-link elementor-size-sm\" href=\"https:\/\/robwolkers.com\/nl\/projecten\/max-mobiel\/\">\n\t\t\t\t\t\t<span class=\"elementor-button-content-wrapper\">\n\t\t\t\t\t\t<span class=\"elementor-button-icon\">\n\t\t\t\t<svg xmlns=\"http:\/\/www.w3.org\/2000\/svg\" viewBox=\"0 0 320 512\"><defs><\/defs><path d=\"M310.6 233.4c12.5 12.5 12.5 32.8 0 45.3l-192 192c-12.5 12.5-32.8 12.5-45.3 0s-12.5-32.8 0-45.3L242.7 256 73.4 86.6c-12.5-12.5-12.5-32.8 0-45.3s32.8-12.5 45.3 0l192 192z\" style=\"fill: rgb(127, 248, 255);\"><\/path><\/svg>\t\t\t<\/span>\n\t\t\t\t\t\t\t\t\t<span class=\"elementor-button-text\">Max Mobiel &gt;&gt;<\/span>\n\t\t\t\t\t<\/span>\n\t\t\t\t\t<\/a>\n\t\t\t\t<\/div>\n\t\t\t\t\t\t\t\t<\/div>\n\t\t\t\t<\/div>\n\t\t\t\t<\/div>\n\t\t\t\t<\/div>\n\t\t","protected":false},"excerpt":{"rendered":"<p>Maxx Living Innovatie cre\u00ebert ruimte voor betaalbare kwaliteit Waarom zou een projectontwikkelaar, met een eigen architectenteam, ook nog met een industrieel ontwerper willen samenwerken? Omdat hij een project met 500 betaalbare en duurzame houten starterswoningen wil bouwen, die modulair, prefab, schaalbaar en ook nog eens volledig afgestemd op de wens van de koper zijn. Dit [&hellip;]<\/p>\n","protected":false},"author":1,"featured_media":0,"parent":6036,"menu_order":0,"comment_status":"closed","ping_status":"closed","template":"elementor_header_footer","meta":{"footnotes":""},"class_list":["post-6095","page","type-page","status-publish","hentry"],"_links":{"self":[{"href":"https:\/\/robwolkers.com\/nl\/wp-json\/wp\/v2\/pages\/6095","targetHints":{"allow":["GET"]}}],"collection":[{"href":"https:\/\/robwolkers.com\/nl\/wp-json\/wp\/v2\/pages"}],"about":[{"href":"https:\/\/robwolkers.com\/nl\/wp-json\/wp\/v2\/types\/page"}],"author":[{"embeddable":true,"href":"https:\/\/robwolkers.com\/nl\/wp-json\/wp\/v2\/users\/1"}],"replies":[{"embeddable":true,"href":"https:\/\/robwolkers.com\/nl\/wp-json\/wp\/v2\/comments?post=6095"}],"version-history":[{"count":4,"href":"https:\/\/robwolkers.com\/nl\/wp-json\/wp\/v2\/pages\/6095\/revisions"}],"predecessor-version":[{"id":6442,"href":"https:\/\/robwolkers.com\/nl\/wp-json\/wp\/v2\/pages\/6095\/revisions\/6442"}],"up":[{"embeddable":true,"href":"https:\/\/robwolkers.com\/nl\/wp-json\/wp\/v2\/pages\/6036"}],"wp:attachment":[{"href":"https:\/\/robwolkers.com\/nl\/wp-json\/wp\/v2\/media?parent=6095"}],"curies":[{"name":"wp","href":"https:\/\/api.w.org\/{rel}","templated":true}]}}