{"id":6087,"date":"2024-08-21T11:03:57","date_gmt":"2024-08-21T11:03:57","guid":{"rendered":"https:\/\/robwolkers.com\/ev-box-business-line\/"},"modified":"2025-01-04T13:58:19","modified_gmt":"2025-01-04T13:58:19","slug":"ev-box-business-line","status":"publish","type":"page","link":"https:\/\/robwolkers.com\/nl\/projecten\/ev-box-business-line\/","title":{"rendered":"EV-BOX Business Line"},"content":{"rendered":"\t\t<div data-elementor-type=\"wp-page\" data-elementor-id=\"6087\" class=\"elementor elementor-6087 elementor-4876\" data-elementor-post-type=\"page\">\n\t\t\t\t<div class=\"elementor-element elementor-element-327519ae e-flex e-con-boxed e-con e-parent\" data-id=\"327519ae\" data-element_type=\"container\">\n\t\t\t\t\t<div class=\"e-con-inner\">\n\t\t\t\t<div class=\"elementor-element elementor-element-62374a44 elementor-widget elementor-widget-heading\" data-id=\"62374a44\" data-element_type=\"widget\" data-widget_type=\"heading.default\">\n\t\t\t\t<div class=\"elementor-widget-container\">\n\t\t\t\t\t<h2 class=\"elementor-heading-title elementor-size-default\">EV-BOX Business Line<\/h2>\t\t\t\t<\/div>\n\t\t\t\t<\/div>\n\t\t\t\t<div class=\"elementor-element elementor-element-522c8e50 elementor-widget elementor-widget-text-editor\" data-id=\"522c8e50\" data-element_type=\"widget\" data-widget_type=\"text-editor.default\">\n\t\t\t\t<div class=\"elementor-widget-container\">\n\t\t\t\t\t\t\t\t\t<p>Van pionier tot best verkochte laadstation<\/p>\n\t\t\t\t\t\t\t\t<\/div>\n\t\t\t\t<\/div>\n\t\t\t\t<div class=\"elementor-element elementor-element-b77f8ac elementor-view-default elementor-widget elementor-widget-icon\" data-id=\"b77f8ac\" data-element_type=\"widget\" data-widget_type=\"icon.default\">\n\t\t\t\t<div class=\"elementor-widget-container\">\n\t\t\t\t\t\t\t<div class=\"elementor-icon-wrapper\">\n\t\t\t<div class=\"elementor-icon\">\n\t\t\t<svg aria-hidden=\"true\" class=\"e-font-icon-svg e-fas-angle-double-down\" viewBox=\"0 0 320 512\" xmlns=\"http:\/\/www.w3.org\/2000\/svg\"><path d=\"M143 256.3L7 120.3c-9.4-9.4-9.4-24.6 0-33.9l22.6-22.6c9.4-9.4 24.6-9.4 33.9 0l96.4 96.4 96.4-96.4c9.4-9.4 24.6-9.4 33.9 0L313 86.3c9.4 9.4 9.4 24.6 0 33.9l-136 136c-9.4 9.5-24.6 9.5-34 .1zm34 192l136-136c9.4-9.4 9.4-24.6 0-33.9l-22.6-22.6c-9.4-9.4-24.6-9.4-33.9 0L160 352.1l-96.4-96.4c-9.4-9.4-24.6-9.4-33.9 0L7 278.3c-9.4 9.4-9.4 24.6 0 33.9l136 136c9.4 9.5 24.6 9.5 34 .1z\"><\/path><\/svg>\t\t\t<\/div>\n\t\t<\/div>\n\t\t\t\t\t\t<\/div>\n\t\t\t\t<\/div>\n\t\t\t\t\t<\/div>\n\t\t\t\t<\/div>\n\t\t<div class=\"elementor-element elementor-element-6d22443 e-con-full bar-slanted e-flex e-con e-parent\" data-id=\"6d22443\" data-element_type=\"container\" data-settings=\"{&quot;background_background&quot;:&quot;classic&quot;}\">\n\t\t\t\t<\/div>\n\t\t<div class=\"elementor-element elementor-element-4a379f04 e-con-full e-flex e-con e-parent\" data-id=\"4a379f04\" data-element_type=\"container\">\n\t\t<div class=\"elementor-element elementor-element-7c2dd58c e-con-full e-flex e-con e-child\" data-id=\"7c2dd58c\" data-element_type=\"container\">\n\t\t\t\t<div class=\"elementor-element elementor-element-2d7c0b46 elementor-widget elementor-widget-text-editor\" data-id=\"2d7c0b46\" data-element_type=\"widget\" data-widget_type=\"text-editor.default\">\n\t\t\t\t<div class=\"elementor-widget-container\">\n\t\t\t\t\t\t\t\t\t<p>Het is begin 2009, en elektrische auto\u2019s staan nog in de kinderschoenen. Terwijl het jonge Tesla enkel nog een omgebouwde Lotus leverde en de Duitse industrie nog stevig inzette op diesel, begonnen startup EV-Box en Rob Wolkers samen te werken. Hun doel: een laadpaal ontwikkelen die de voorspelde snelle opmars van elektrische voertuigen kon bijhouden. <span lang=\"EN-GB\">EV-Box met de kennis van elektronica en software, samen met onze specialisatie in hardware en integratie.<\/span><\/p>\n<p>In een tijd waarin de enkele beschikbare laadstations dure ad-hoc oplossingen van plaatstaal met bewerkelijk laswerk waren, kozen we voor spuitgieten om kosteneffici\u00ebnt te kunnen opereren bij snel oplopende seriegroottes. Hoewel de investeringen hoger zijn vanwege de matrijzen, ligt de uiteindelijke productprijs aanzienlijk lager.<\/p>\n\t\t\t\t\t\t\t\t<\/div>\n\t\t\t\t<\/div>\n\t\t\t\t<div class=\"elementor-element elementor-element-7d52e85b elementor-widget elementor-widget-heading\" data-id=\"7d52e85b\" data-element_type=\"widget\" data-widget_type=\"heading.default\">\n\t\t\t\t<div class=\"elementor-widget-container\">\n\t\t\t\t\t<h2 class=\"elementor-heading-title elementor-size-default\">Gedefinieerde flexibiliteit<\/h2>\t\t\t\t<\/div>\n\t\t\t\t<\/div>\n\t\t\t\t<div class=\"elementor-element elementor-element-6ac9289c elementor-widget elementor-widget-text-editor\" data-id=\"6ac9289c\" data-element_type=\"widget\" data-widget_type=\"text-editor.default\">\n\t\t\t\t<div class=\"elementor-widget-container\">\n\t\t\t\t\t\t\t\t\t<p>Maar hoe bepaal je de benodigde functionaliteit van een product voor een markt die er nog niet is, en waar ontwikkelingen razendsnel gaan? Deze gewenste flexibiliteit leek haaks te staan op spuitgieten met een matrijs waarin alles vast ligt, dus er moesten er creatieve oplossingen worden gezocht.<\/p>\n<p>Zo was er destijds nog geen gestandaardiseerde laadstekker, daarom kozen we voor een uitwisselbare insert in de matrijs voor de laadplug montage. Dit gaf ook opties tot andere configuraties van het laadstation, zoals bijvoorbeeld een vaste kabel variant of andere type laadstekkers.<\/p>\n<p>Om maximale keuzevrijheid voor interne componenten te waarborgen, is het kunststof basisframe royaal voorzien van montagepunten voor standaard DIN-rails en kabeldoorvoeren, waardoor de behuizing toekomstbestendig is voor meerdere generaties laadtechnologie.<\/p>\n\t\t\t\t\t\t\t\t<\/div>\n\t\t\t\t<\/div>\n\t\t\t\t<div class=\"elementor-element elementor-element-44305a12 elementor-widget elementor-widget-heading\" data-id=\"44305a12\" data-element_type=\"widget\" data-widget_type=\"heading.default\">\n\t\t\t\t<div class=\"elementor-widget-container\">\n\t\t\t\t\t<h2 class=\"elementor-heading-title elementor-size-default\">Enkel en dubbel<\/h2>\t\t\t\t<\/div>\n\t\t\t\t<\/div>\n\t\t\t\t<div class=\"elementor-element elementor-element-1ec46e02 elementor-widget elementor-widget-text-editor\" data-id=\"1ec46e02\" data-element_type=\"widget\" data-widget_type=\"text-editor.default\">\n\t\t\t\t<div class=\"elementor-widget-container\">\n\t\t\t\t\t\t\t\t\t<p>Qua montage is er de keuze voor een dubbele uitvoering op een standaard verkeerspaal, of als enkele variant voor een directe wandmontage. Door deze modulaire oplossing voor zowel publiek als priv\u00e9gebruik kan met \u00e9\u00e9n product een zeer brede markt bediend worden.<\/p><p>De bediening is volledig contactloos, en de feedback is maximaal vereenvoudigd door de iconische multicolor LED-ring die de status van het laadpunt aangeeft. Simpel, duidelijk en weerbestendig&#8230; en een veel ge\u00efmiteerd concept.<\/p><p>De onbekende uitdagingen aan het begin van het project zijn omgezet naar de drijvende kracht achter het succes: een zeer breed toepasbaar en veelzijdig laadpunt. Met inmiddels meer dan 100.000 verkochte laadstations van dit iconische model, heeft de BusinessLine daarmee een solide basis gelegd voor de snelle groei en het succes van EV Box, van pionierende startup tot gerenommeerde marktleider.<\/p><p><a href=\"https:\/\/evbox.com\" target=\"_blank\" rel=\"noopener\">www.evbox.com<\/a><\/p>\t\t\t\t\t\t\t\t<\/div>\n\t\t\t\t<\/div>\n\t\t\t\t<\/div>\n\t\t<div class=\"elementor-element elementor-element-451f9576 e-con-full e-flex e-con e-child\" data-id=\"451f9576\" data-element_type=\"container\">\n\t\t\t\t<div class=\"elementor-element elementor-element-da71d30 elementor-widget__width-initial elementor-widget elementor-widget-gallery\" data-id=\"da71d30\" data-element_type=\"widget\" data-settings=\"{&quot;columns&quot;:2,&quot;gap_mobile&quot;:{&quot;unit&quot;:&quot;px&quot;,&quot;size&quot;:32,&quot;sizes&quot;:[]},&quot;gallery_layout&quot;:&quot;grid&quot;,&quot;columns_tablet&quot;:2,&quot;columns_mobile&quot;:1,&quot;gap&quot;:{&quot;unit&quot;:&quot;px&quot;,&quot;size&quot;:10,&quot;sizes&quot;:[]},&quot;gap_tablet&quot;:{&quot;unit&quot;:&quot;px&quot;,&quot;size&quot;:10,&quot;sizes&quot;:[]},&quot;link_to&quot;:&quot;file&quot;,&quot;aspect_ratio&quot;:&quot;3:2&quot;,&quot;overlay_background&quot;:&quot;yes&quot;}\" data-widget_type=\"gallery.default\">\n\t\t\t\t<div class=\"elementor-widget-container\">\n\t\t\t\t\t\t\t<div class=\"elementor-gallery__container\">\n\t\t\t\t\t\t\t<a class=\"e-gallery-item elementor-gallery-item\" href=\"https:\/\/robwolkers.com\/wp-content\/uploads\/2024\/08\/project-evbox-business-10-1.jpg\" data-elementor-open-lightbox=\"yes\" data-elementor-lightbox-slideshow=\"da71d30\" data-e-action-hash=\"#elementor-action%3Aaction%3Dlightbox%26settings%3DeyJpZCI6MzI4NSwidXJsIjoiaHR0cHM6XC9cL3JvYndvbGtlcnMuY29tXC93cC1jb250ZW50XC91cGxvYWRzXC8yMDI0XC8wOFwvcHJvamVjdC1ldmJveC1idXNpbmVzcy0xMC0xLmpwZyIsInNsaWRlc2hvdyI6ImRhNzFkMzAifQ%3D%3D\">\n\t\t\t\t\t<div class=\"e-gallery-image elementor-gallery-item__image\" data-thumbnail=\"https:\/\/robwolkers.com\/wp-content\/uploads\/2024\/08\/project-evbox-business-10-1.jpg\" data-width=\"1920\" data-height=\"1280\" aria-label=\"\" role=\"img\" ><\/div>\n\t\t\t\t\t\t\t\t\t\t\t<div class=\"elementor-gallery-item__overlay\"><\/div>\n\t\t\t\t\t\t\t\t\t\t\t\t\t\t<\/a>\n\t\t\t\t\t\t\t<a class=\"e-gallery-item elementor-gallery-item\" href=\"https:\/\/robwolkers.com\/wp-content\/uploads\/2024\/08\/project-evbox-business-9-1.jpg\" data-elementor-open-lightbox=\"yes\" data-elementor-lightbox-slideshow=\"da71d30\" data-e-action-hash=\"#elementor-action%3Aaction%3Dlightbox%26settings%3DeyJpZCI6MzI4NywidXJsIjoiaHR0cHM6XC9cL3JvYndvbGtlcnMuY29tXC93cC1jb250ZW50XC91cGxvYWRzXC8yMDI0XC8wOFwvcHJvamVjdC1ldmJveC1idXNpbmVzcy05LTEuanBnIiwic2xpZGVzaG93IjoiZGE3MWQzMCJ9\">\n\t\t\t\t\t<div class=\"e-gallery-image elementor-gallery-item__image\" data-thumbnail=\"https:\/\/robwolkers.com\/wp-content\/uploads\/2024\/08\/project-evbox-business-9-1.jpg\" data-width=\"1920\" data-height=\"1280\" aria-label=\"\" role=\"img\" ><\/div>\n\t\t\t\t\t\t\t\t\t\t\t<div class=\"elementor-gallery-item__overlay\"><\/div>\n\t\t\t\t\t\t\t\t\t\t\t\t\t\t<\/a>\n\t\t\t\t\t\t\t<a class=\"e-gallery-item elementor-gallery-item\" href=\"https:\/\/robwolkers.com\/wp-content\/uploads\/2024\/08\/project-evbox-business-8-1.jpg\" data-elementor-open-lightbox=\"yes\" data-elementor-lightbox-slideshow=\"da71d30\" data-e-action-hash=\"#elementor-action%3Aaction%3Dlightbox%26settings%3DeyJpZCI6MzI4OSwidXJsIjoiaHR0cHM6XC9cL3JvYndvbGtlcnMuY29tXC93cC1jb250ZW50XC91cGxvYWRzXC8yMDI0XC8wOFwvcHJvamVjdC1ldmJveC1idXNpbmVzcy04LTEuanBnIiwic2xpZGVzaG93IjoiZGE3MWQzMCJ9\">\n\t\t\t\t\t<div class=\"e-gallery-image elementor-gallery-item__image\" data-thumbnail=\"https:\/\/robwolkers.com\/wp-content\/uploads\/2024\/08\/project-evbox-business-8-1.jpg\" data-width=\"1920\" data-height=\"1280\" aria-label=\"\" role=\"img\" ><\/div>\n\t\t\t\t\t\t\t\t\t\t\t<div class=\"elementor-gallery-item__overlay\"><\/div>\n\t\t\t\t\t\t\t\t\t\t\t\t\t\t<\/a>\n\t\t\t\t\t\t\t<a class=\"e-gallery-item elementor-gallery-item\" href=\"https:\/\/robwolkers.com\/wp-content\/uploads\/2024\/08\/project-evbox-business-7-1.jpg\" data-elementor-open-lightbox=\"yes\" data-elementor-lightbox-slideshow=\"da71d30\" data-e-action-hash=\"#elementor-action%3Aaction%3Dlightbox%26settings%3DeyJpZCI6MzI5MSwidXJsIjoiaHR0cHM6XC9cL3JvYndvbGtlcnMuY29tXC93cC1jb250ZW50XC91cGxvYWRzXC8yMDI0XC8wOFwvcHJvamVjdC1ldmJveC1idXNpbmVzcy03LTEuanBnIiwic2xpZGVzaG93IjoiZGE3MWQzMCJ9\">\n\t\t\t\t\t<div class=\"e-gallery-image elementor-gallery-item__image\" data-thumbnail=\"https:\/\/robwolkers.com\/wp-content\/uploads\/2024\/08\/project-evbox-business-7-1.jpg\" data-width=\"1920\" data-height=\"1280\" aria-label=\"\" role=\"img\" ><\/div>\n\t\t\t\t\t\t\t\t\t\t\t<div class=\"elementor-gallery-item__overlay\"><\/div>\n\t\t\t\t\t\t\t\t\t\t\t\t\t\t<\/a>\n\t\t\t\t\t\t\t<a class=\"e-gallery-item elementor-gallery-item\" href=\"https:\/\/robwolkers.com\/wp-content\/uploads\/2024\/08\/project-evbox-business-6-1.jpg\" data-elementor-open-lightbox=\"yes\" data-elementor-lightbox-slideshow=\"da71d30\" data-e-action-hash=\"#elementor-action%3Aaction%3Dlightbox%26settings%3DeyJpZCI6MzI5MywidXJsIjoiaHR0cHM6XC9cL3JvYndvbGtlcnMuY29tXC93cC1jb250ZW50XC91cGxvYWRzXC8yMDI0XC8wOFwvcHJvamVjdC1ldmJveC1idXNpbmVzcy02LTEuanBnIiwic2xpZGVzaG93IjoiZGE3MWQzMCJ9\">\n\t\t\t\t\t<div class=\"e-gallery-image elementor-gallery-item__image\" data-thumbnail=\"https:\/\/robwolkers.com\/wp-content\/uploads\/2024\/08\/project-evbox-business-6-1.jpg\" data-width=\"1920\" data-height=\"1280\" aria-label=\"\" role=\"img\" ><\/div>\n\t\t\t\t\t\t\t\t\t\t\t<div class=\"elementor-gallery-item__overlay\"><\/div>\n\t\t\t\t\t\t\t\t\t\t\t\t\t\t<\/a>\n\t\t\t\t\t\t\t<a class=\"e-gallery-item elementor-gallery-item\" href=\"https:\/\/robwolkers.com\/wp-content\/uploads\/2024\/08\/project-evbox-business-5-1.jpg\" data-elementor-open-lightbox=\"yes\" data-elementor-lightbox-slideshow=\"da71d30\" data-e-action-hash=\"#elementor-action%3Aaction%3Dlightbox%26settings%3DeyJpZCI6MzI5NSwidXJsIjoiaHR0cHM6XC9cL3JvYndvbGtlcnMuY29tXC93cC1jb250ZW50XC91cGxvYWRzXC8yMDI0XC8wOFwvcHJvamVjdC1ldmJveC1idXNpbmVzcy01LTEuanBnIiwic2xpZGVzaG93IjoiZGE3MWQzMCJ9\">\n\t\t\t\t\t<div class=\"e-gallery-image elementor-gallery-item__image\" data-thumbnail=\"https:\/\/robwolkers.com\/wp-content\/uploads\/2024\/08\/project-evbox-business-5-1.jpg\" data-width=\"1920\" data-height=\"1280\" aria-label=\"\" role=\"img\" ><\/div>\n\t\t\t\t\t\t\t\t\t\t\t<div class=\"elementor-gallery-item__overlay\"><\/div>\n\t\t\t\t\t\t\t\t\t\t\t\t\t\t<\/a>\n\t\t\t\t\t\t\t<a class=\"e-gallery-item elementor-gallery-item\" href=\"https:\/\/robwolkers.com\/wp-content\/uploads\/2024\/08\/project-evbox-business-4-1.jpg\" data-elementor-open-lightbox=\"yes\" data-elementor-lightbox-slideshow=\"da71d30\" data-e-action-hash=\"#elementor-action%3Aaction%3Dlightbox%26settings%3DeyJpZCI6MzI5NywidXJsIjoiaHR0cHM6XC9cL3JvYndvbGtlcnMuY29tXC93cC1jb250ZW50XC91cGxvYWRzXC8yMDI0XC8wOFwvcHJvamVjdC1ldmJveC1idXNpbmVzcy00LTEuanBnIiwic2xpZGVzaG93IjoiZGE3MWQzMCJ9\">\n\t\t\t\t\t<div class=\"e-gallery-image elementor-gallery-item__image\" data-thumbnail=\"https:\/\/robwolkers.com\/wp-content\/uploads\/2024\/08\/project-evbox-business-4-1.jpg\" data-width=\"1920\" data-height=\"1280\" aria-label=\"\" role=\"img\" ><\/div>\n\t\t\t\t\t\t\t\t\t\t\t<div class=\"elementor-gallery-item__overlay\"><\/div>\n\t\t\t\t\t\t\t\t\t\t\t\t\t\t<\/a>\n\t\t\t\t\t\t\t<a class=\"e-gallery-item elementor-gallery-item\" href=\"https:\/\/robwolkers.com\/wp-content\/uploads\/2024\/08\/project-evbox-business-3-1.jpg\" data-elementor-open-lightbox=\"yes\" data-elementor-lightbox-slideshow=\"da71d30\" data-e-action-hash=\"#elementor-action%3Aaction%3Dlightbox%26settings%3DeyJpZCI6MzI5OSwidXJsIjoiaHR0cHM6XC9cL3JvYndvbGtlcnMuY29tXC93cC1jb250ZW50XC91cGxvYWRzXC8yMDI0XC8wOFwvcHJvamVjdC1ldmJveC1idXNpbmVzcy0zLTEuanBnIiwic2xpZGVzaG93IjoiZGE3MWQzMCJ9\">\n\t\t\t\t\t<div class=\"e-gallery-image elementor-gallery-item__image\" data-thumbnail=\"https:\/\/robwolkers.com\/wp-content\/uploads\/2024\/08\/project-evbox-business-3-1.jpg\" data-width=\"1920\" data-height=\"1280\" aria-label=\"\" role=\"img\" ><\/div>\n\t\t\t\t\t\t\t\t\t\t\t<div class=\"elementor-gallery-item__overlay\"><\/div>\n\t\t\t\t\t\t\t\t\t\t\t\t\t\t<\/a>\n\t\t\t\t\t\t\t<a class=\"e-gallery-item elementor-gallery-item\" href=\"https:\/\/robwolkers.com\/wp-content\/uploads\/2024\/08\/project-evbox-business-2-1.jpg\" data-elementor-open-lightbox=\"yes\" data-elementor-lightbox-slideshow=\"da71d30\" data-e-action-hash=\"#elementor-action%3Aaction%3Dlightbox%26settings%3DeyJpZCI6MzMwMSwidXJsIjoiaHR0cHM6XC9cL3JvYndvbGtlcnMuY29tXC93cC1jb250ZW50XC91cGxvYWRzXC8yMDI0XC8wOFwvcHJvamVjdC1ldmJveC1idXNpbmVzcy0yLTEuanBnIiwic2xpZGVzaG93IjoiZGE3MWQzMCJ9\">\n\t\t\t\t\t<div class=\"e-gallery-image elementor-gallery-item__image\" data-thumbnail=\"https:\/\/robwolkers.com\/wp-content\/uploads\/2024\/08\/project-evbox-business-2-1.jpg\" data-width=\"1920\" data-height=\"1280\" aria-label=\"\" role=\"img\" ><\/div>\n\t\t\t\t\t\t\t\t\t\t\t<div class=\"elementor-gallery-item__overlay\"><\/div>\n\t\t\t\t\t\t\t\t\t\t\t\t\t\t<\/a>\n\t\t\t\t\t\t\t<a class=\"e-gallery-item elementor-gallery-item\" href=\"https:\/\/robwolkers.com\/wp-content\/uploads\/2024\/08\/project-evbox-business-1-1.jpg\" data-elementor-open-lightbox=\"yes\" data-elementor-lightbox-slideshow=\"da71d30\" data-e-action-hash=\"#elementor-action%3Aaction%3Dlightbox%26settings%3DeyJpZCI6MzMwMywidXJsIjoiaHR0cHM6XC9cL3JvYndvbGtlcnMuY29tXC93cC1jb250ZW50XC91cGxvYWRzXC8yMDI0XC8wOFwvcHJvamVjdC1ldmJveC1idXNpbmVzcy0xLTEuanBnIiwic2xpZGVzaG93IjoiZGE3MWQzMCJ9\">\n\t\t\t\t\t<div class=\"e-gallery-image elementor-gallery-item__image\" data-thumbnail=\"https:\/\/robwolkers.com\/wp-content\/uploads\/2024\/08\/project-evbox-business-1-1.jpg\" data-width=\"1920\" data-height=\"1280\" aria-label=\"\" role=\"img\" ><\/div>\n\t\t\t\t\t\t\t\t\t\t\t<div class=\"elementor-gallery-item__overlay\"><\/div>\n\t\t\t\t\t\t\t\t\t\t\t\t\t\t<\/a>\n\t\t\t\t\t<\/div>\n\t\t\t\t\t<\/div>\n\t\t\t\t<\/div>\n\t\t\t\t<\/div>\n\t\t\t\t<\/div>\n\t\t<div class=\"elementor-element elementor-element-74363d74 e-grid e-con-full e-con e-parent\" data-id=\"74363d74\" data-element_type=\"container\">\n\t\t\t\t<div class=\"elementor-element elementor-element-539da141 elementor-align-left elementor-widget__width-initial button-slanted elementor-mobile-align-left elementor-widget elementor-widget-button\" data-id=\"539da141\" data-element_type=\"widget\" data-widget_type=\"button.default\">\n\t\t\t\t<div class=\"elementor-widget-container\">\n\t\t\t\t\t\t\t\t\t<div class=\"elementor-button-wrapper\">\n\t\t\t\t\t<a class=\"elementor-button elementor-button-link elementor-size-sm\" href=\"https:\/\/robwolkers.com\/nl\/projecten\/de-koning-carbon-seat\/\">\n\t\t\t\t\t\t<span class=\"elementor-button-content-wrapper\">\n\t\t\t\t\t\t<span class=\"elementor-button-icon\">\n\t\t\t\t<svg xmlns=\"http:\/\/www.w3.org\/2000\/svg\" viewBox=\"0 0 320 512\"><defs><\/defs><path d=\"M310.6 233.4c12.5 12.5 12.5 32.8 0 45.3l-192 192c-12.5 12.5-32.8 12.5-45.3 0s-12.5-32.8 0-45.3L242.7 256 73.4 86.6c-12.5-12.5-12.5-32.8 0-45.3s32.8-12.5 45.3 0l192 192z\" style=\"fill: rgb(127, 248, 255);\"><\/path><\/svg>\t\t\t<\/span>\n\t\t\t\t\t\t\t\t\t<span class=\"elementor-button-text\">&lt;&lt; De Koning Carbon Seat<\/span>\n\t\t\t\t\t<\/span>\n\t\t\t\t\t<\/a>\n\t\t\t\t<\/div>\n\t\t\t\t\t\t\t\t<\/div>\n\t\t\t\t<\/div>\n\t\t\t\t<div class=\"elementor-element elementor-element-13dc00d7 elementor-align-center elementor-widget__width-initial button-slanted elementor-mobile-align-left elementor-widget elementor-widget-button\" data-id=\"13dc00d7\" data-element_type=\"widget\" data-widget_type=\"button.default\">\n\t\t\t\t<div class=\"elementor-widget-container\">\n\t\t\t\t\t\t\t\t\t<div class=\"elementor-button-wrapper\">\n\t\t\t\t\t<a class=\"elementor-button elementor-button-link elementor-size-sm\" href=\"https:\/\/robwolkers.com\/nl\/projecten\/\">\n\t\t\t\t\t\t<span class=\"elementor-button-content-wrapper\">\n\t\t\t\t\t\t<span class=\"elementor-button-icon\">\n\t\t\t\t<svg xmlns=\"http:\/\/www.w3.org\/2000\/svg\" viewBox=\"0 0 320 512\"><defs><\/defs><path d=\"M310.6 233.4c12.5 12.5 12.5 32.8 0 45.3l-192 192c-12.5 12.5-32.8 12.5-45.3 0s-12.5-32.8 0-45.3L242.7 256 73.4 86.6c-12.5-12.5-12.5-32.8 0-45.3s32.8-12.5 45.3 0l192 192z\" style=\"fill: rgb(127, 248, 255);\"><\/path><\/svg>\t\t\t<\/span>\n\t\t\t\t\t\t\t\t\t<span class=\"elementor-button-text\">Alle Projecten<\/span>\n\t\t\t\t\t<\/span>\n\t\t\t\t\t<\/a>\n\t\t\t\t<\/div>\n\t\t\t\t\t\t\t\t<\/div>\n\t\t\t\t<\/div>\n\t\t\t\t<div class=\"elementor-element elementor-element-f94016b elementor-align-right elementor-widget__width-initial button-slanted elementor-mobile-align-left elementor-widget elementor-widget-button\" data-id=\"f94016b\" data-element_type=\"widget\" data-widget_type=\"button.default\">\n\t\t\t\t<div class=\"elementor-widget-container\">\n\t\t\t\t\t\t\t\t\t<div class=\"elementor-button-wrapper\">\n\t\t\t\t\t<a class=\"elementor-button elementor-button-link elementor-size-sm\" href=\"https:\/\/robwolkers.com\/nl\/projecten\/ev-box-home-line\/\">\n\t\t\t\t\t\t<span class=\"elementor-button-content-wrapper\">\n\t\t\t\t\t\t<span class=\"elementor-button-icon\">\n\t\t\t\t<svg xmlns=\"http:\/\/www.w3.org\/2000\/svg\" viewBox=\"0 0 320 512\"><defs><\/defs><path d=\"M310.6 233.4c12.5 12.5 12.5 32.8 0 45.3l-192 192c-12.5 12.5-32.8 12.5-45.3 0s-12.5-32.8 0-45.3L242.7 256 73.4 86.6c-12.5-12.5-12.5-32.8 0-45.3s32.8-12.5 45.3 0l192 192z\" style=\"fill: rgb(127, 248, 255);\"><\/path><\/svg>\t\t\t<\/span>\n\t\t\t\t\t\t\t\t\t<span class=\"elementor-button-text\">EV-Box Home Line  &gt;&gt;<\/span>\n\t\t\t\t\t<\/span>\n\t\t\t\t\t<\/a>\n\t\t\t\t<\/div>\n\t\t\t\t\t\t\t\t<\/div>\n\t\t\t\t<\/div>\n\t\t\t\t<\/div>\n\t\t\t\t<\/div>\n\t\t","protected":false},"excerpt":{"rendered":"<p>EV-BOX Business Line Van pionier tot best verkochte laadstation Het is begin 2009, en elektrische auto\u2019s staan nog in de kinderschoenen. Terwijl het jonge Tesla enkel nog een omgebouwde Lotus leverde en de Duitse industrie nog stevig inzette op diesel, begonnen startup EV-Box en Rob Wolkers samen te werken. Hun doel: een laadpaal ontwikkelen die [&hellip;]<\/p>\n","protected":false},"author":1,"featured_media":0,"parent":6036,"menu_order":0,"comment_status":"closed","ping_status":"closed","template":"elementor_header_footer","meta":{"footnotes":""},"class_list":["post-6087","page","type-page","status-publish","hentry"],"_links":{"self":[{"href":"https:\/\/robwolkers.com\/nl\/wp-json\/wp\/v2\/pages\/6087","targetHints":{"allow":["GET"]}}],"collection":[{"href":"https:\/\/robwolkers.com\/nl\/wp-json\/wp\/v2\/pages"}],"about":[{"href":"https:\/\/robwolkers.com\/nl\/wp-json\/wp\/v2\/types\/page"}],"author":[{"embeddable":true,"href":"https:\/\/robwolkers.com\/nl\/wp-json\/wp\/v2\/users\/1"}],"replies":[{"embeddable":true,"href":"https:\/\/robwolkers.com\/nl\/wp-json\/wp\/v2\/comments?post=6087"}],"version-history":[{"count":11,"href":"https:\/\/robwolkers.com\/nl\/wp-json\/wp\/v2\/pages\/6087\/revisions"}],"predecessor-version":[{"id":6436,"href":"https:\/\/robwolkers.com\/nl\/wp-json\/wp\/v2\/pages\/6087\/revisions\/6436"}],"up":[{"embeddable":true,"href":"https:\/\/robwolkers.com\/nl\/wp-json\/wp\/v2\/pages\/6036"}],"wp:attachment":[{"href":"https:\/\/robwolkers.com\/nl\/wp-json\/wp\/v2\/media?parent=6087"}],"curies":[{"name":"wp","href":"https:\/\/api.w.org\/{rel}","templated":true}]}}